{"id":10,"date":"2024-11-12T09:53:39","date_gmt":"2024-11-12T08:53:39","guid":{"rendered":"http:\/\/orthodoxebrest.fr\/?page_id=10"},"modified":"2026-04-13T22:10:59","modified_gmt":"2026-04-13T20:10:59","slug":"calendrier-des-celebrations","status":"publish","type":"page","link":"http:\/\/orthodoxebrest.fr\/?page_id=10","title":{"rendered":"Calendrier des C\u00e9l\u00e9brations"},"content":{"rendered":"\n<div class=\"wp-block-media-text is-stacked-on-mobile\" style=\"grid-template-columns:33% auto\"><figure class=\"wp-block-media-text__media\"><img loading=\"lazy\" decoding=\"async\" width=\"1000\" height=\"750\" src=\"http:\/\/orthodoxebrest.fr\/wp-content\/uploads\/2025\/02\/Liturgie.jpeg\" alt=\"\" class=\"wp-image-167 size-full\" srcset=\"http:\/\/orthodoxebrest.fr\/wp-content\/uploads\/2025\/02\/Liturgie.jpeg 1000w, http:\/\/orthodoxebrest.fr\/wp-content\/uploads\/2025\/02\/Liturgie-300x225.jpeg 300w, http:\/\/orthodoxebrest.fr\/wp-content\/uploads\/2025\/02\/Liturgie-768x576.jpeg 768w\" sizes=\"auto, (max-width: 1000px) 100vw, 1000px\" \/><\/figure><div class=\"wp-block-media-text__content\">\n<h1 class=\"wp-block-heading has-vivid-red-color has-text-color has-link-color wp-elements-43fc61fbf59d4a5cfc19c630971498b8\" style=\"font-style:normal;font-weight:800\"><span style=\"text-decoration: underline;\">Calendrier des C\u00e9l\u00e9brations<\/span><\/h1>\n<\/div><\/div>\n\n\n\n<p class=\"has-medium-font-size\"><span style=\"text-decoration: underline;\"><mark style=\"background-color:rgba(0, 0, 0, 0)\" class=\"has-inline-color has-black-color\"><strong>Mois de mars:<\/strong><\/mark><\/span><\/p>\n\n\n\n<ul class=\"wp-block-list\">\n<li class=\"has-medium-font-size\"><strong>Lundi 2 mars,<\/strong> V\u00eapres \u00e0 17h30<\/li>\n\n\n\n<li class=\"has-medium-font-size\"><strong>Jeudi 5 <strong>mars<\/strong>,<\/strong> Grandes complies \u00e0 17h30<\/li>\n\n\n\n<li class=\"has-medium-font-size\"><strong>Vendredi 6 <strong>mars<\/strong><\/strong>, Deuxi\u00e8me Acathiste \u00e0 la M\u00e8re de Dieu \u00e0 17h30<\/li>\n\n\n\n<li class=\"has-medium-font-size\"><strong>Dimanche 8 <strong>mars<\/strong><\/strong>, Divine Liturgie \u00e0 10h30<\/li>\n\n\n\n<li class=\"has-medium-font-size\"><strong>Lundi 9 <strong>mars<\/strong><\/strong>, Matines \u00e0 9h00<\/li>\n\n\n\n<li class=\"has-medium-font-size\"><strong>Mercredi 11 <strong>mars<\/strong>, <\/strong>Liturgie des dons pr\u00e9sanctifi\u00e9s \u00e0 12h30<\/li>\n\n\n\n<li class=\"has-medium-font-size\"><strong>Jeudi 12 <strong>mars<\/strong>,<\/strong> Grandes complies \u00e0 17h00<\/li>\n\n\n\n<li class=\"has-medium-font-size\"><strong>Vendredi 13 <strong>mars<\/strong><\/strong>, Troisi\u00e8me Acathiste \u00e0 la M\u00e8re de Dieu \u00e0 17h30<\/li>\n\n\n\n<li class=\"has-medium-font-size\"><strong>dimanche 15 mars<\/strong>, divine liturgie \u00e0 10h30<\/li>\n\n\n\n<li class=\"has-medium-font-size\"><strong>Lundi 16 <strong>mars<\/strong><\/strong>, V\u00eapres \u00e0 17h30<\/li>\n\n\n\n<li class=\"has-medium-font-size\"><strong>Mercredi 18 <strong>mars<\/strong>, <\/strong>Liturgie des dons pr\u00e9sanctifi\u00e9s \u00e0 12h30<\/li>\n\n\n\n<li class=\"has-medium-font-size\"><strong>Jeudi 19 <strong>mars<\/strong>,<\/strong> Grandes complies \u00e0 17h30<\/li>\n\n\n\n<li class=\"has-medium-font-size\"><strong>Vendredi 20 <strong>mars<\/strong><\/strong>, Quatri\u00e8me Acathiste \u00e0 la M\u00e8re de Dieu \u00e0 17h30<\/li>\n\n\n\n<li class=\"has-medium-font-size\"><strong>Lundi 23 <strong>mars<\/strong><\/strong>, Matines \u00e0 9h00<\/li>\n\n\n\n<li class=\"has-medium-font-size\"><strong>Jeudi 26 <strong>mars<\/strong>,<\/strong> Grandes complies \u00e0 17h30<\/li>\n\n\n\n<li class=\"has-medium-font-size\"><strong>Lundi 30 mars,<\/strong> Matines \u00e0 9h00<\/li>\n<\/ul>\n\n\n\n<h3 class=\"wp-block-heading has-black-color has-text-color has-link-color has-medium-font-size wp-elements-6649229d4d8fa28732d5a3329dd1ccb3\" style=\"text-decoration:underline\">Mois de avril:<\/h3>\n\n\n\n<ul class=\"wp-block-list\">\n<li class=\"has-medium-font-size\"><strong>Jeudi 2 avril,<\/strong> Grande Complies 17h30.<\/li>\n\n\n\n<li class=\"has-medium-font-size\"><strong>Dimanche 5 avril,<\/strong> Matines + Divine Liturgie (Rameaux) 10h00.<\/li>\n\n\n\n<li class=\"has-medium-font-size\"><strong>Grand Mercredi 8 avril,<\/strong> Onction de l&rsquo;huile sainte 17h30.<\/li>\n\n\n\n<li class=\"has-medium-font-size\"><strong>Grand Jeudi 9 avril,<\/strong> Matines du vendredi, office des 12 Evangiles 18h00.<\/li>\n\n\n\n<li class=\"has-medium-font-size\"><strong>Grand Vendredi 10 avril,<\/strong> V\u00eapres Mise au Tombeau 9h00.<\/li>\n\n\n\n<li class=\"has-medium-font-size\"><strong>Grand Vendredi 10 avril,<\/strong> Matines (du samedi) Office des Myrophores (requiem) 18h30.<\/li>\n\n\n\n<li class=\"has-medium-font-size\"><strong>Grand Samedi 11 avril,<\/strong> Vigile de la R\u00e9surrection + Agapes 19h00.<\/li>\n\n\n\n<li class=\"has-medium-font-size\"><strong>Jeudi 16 avril ,<\/strong> V\u00eapres 17h00.<\/li>\n\n\n\n<li class=\"has-medium-font-size\"><strong>Dimanche 19 avril,<\/strong> Divine liturgie 10h30.<\/li>\n\n\n\n<li class=\"has-medium-font-size\"><strong>Mercredi 22 avril,<\/strong> V\u00eapres 17h00<\/li>\n\n\n\n<li class=\"has-medium-font-size\"><strong>Mercredi 29 avril,<\/strong> V\u00eapres 17h00<\/li>\n<\/ul>\n\n\n\n<h3 class=\"wp-block-heading has-black-color has-text-color has-link-color has-medium-font-size wp-elements-a6155c0422b8064ea59b29deedab5699\" style=\"text-decoration:underline\">Mois de mai:<\/h3>\n\n\n\n<ul class=\"wp-block-list\">\n<li class=\"has-medium-font-size\"><strong>Mercredi 6 mai,<\/strong> V\u00eapres 17h00<\/li>\n\n\n\n<li class=\"has-medium-font-size\"><strong>Dimanche 10 mai,<\/strong> Divine liturgie 10h30<\/li>\n\n\n\n<li class=\"has-medium-font-size\"><strong>Mercredi 13 mai,<\/strong> V\u00eapres 17h00<\/li>\n\n\n\n<li class=\"has-medium-font-size\"><strong>Dimanche 24 mai,<\/strong> Divine liturgie 10h30<\/li>\n\n\n\n<li class=\"has-medium-font-size\"><strong>Dimanche 31 mai,<\/strong> Divine liturgie 10h30 puis V\u00eapres de la g\u00e9nuflexion.<\/li>\n<\/ul>\n\n\n\n<p><\/p>\n\n\n\n<p><\/p>\n\n\n\n<p><\/p>\n","protected":false},"excerpt":{"rendered":"<p>Calendrier des C\u00e9l\u00e9brations Mois de mars: Mois de avril: Mois de mai:<\/p>\n","protected":false},"author":1,"featured_media":0,"parent":0,"menu_order":0,"comment_status":"closed","ping_status":"closed","template":"","meta":{"_uag_custom_page_level_css":"","ocean_post_layout":"","ocean_both_sidebars_style":"","ocean_both_sidebars_content_width":0,"ocean_both_sidebars_sidebars_width":0,"ocean_sidebar":"","ocean_second_sidebar":"","ocean_disable_margins":"enable","ocean_add_body_class":"","ocean_shortcode_before_top_bar":"","ocean_shortcode_after_top_bar":"","ocean_shortcode_before_header":"","ocean_shortcode_after_header":"","ocean_has_shortcode":"","ocean_shortcode_after_title":"","ocean_shortcode_before_footer_widgets":"","ocean_shortcode_after_footer_widgets":"","ocean_shortcode_before_footer_bottom":"","ocean_shortcode_after_footer_bottom":"","ocean_display_top_bar":"default","ocean_display_header":"default","ocean_header_style":"","ocean_center_header_left_menu":"","ocean_custom_header_template":"","ocean_custom_logo":0,"ocean_custom_retina_logo":0,"ocean_custom_logo_max_width":0,"ocean_custom_logo_tablet_max_width":0,"ocean_custom_logo_mobile_max_width":0,"ocean_custom_logo_max_height":0,"ocean_custom_logo_tablet_max_height":0,"ocean_custom_logo_mobile_max_height":0,"ocean_header_custom_menu":"","ocean_menu_typo_font_family":"","ocean_menu_typo_font_subset":"","ocean_menu_typo_font_size":0,"ocean_menu_typo_font_size_tablet":0,"ocean_menu_typo_font_size_mobile":0,"ocean_menu_typo_font_size_unit":"px","ocean_menu_typo_font_weight":"","ocean_menu_typo_font_weight_tablet":"","ocean_menu_typo_font_weight_mobile":"","ocean_menu_typo_transform":"","ocean_menu_typo_transform_tablet":"","ocean_menu_typo_transform_mobile":"","ocean_menu_typo_line_height":0,"ocean_menu_typo_line_height_tablet":0,"ocean_menu_typo_line_height_mobile":0,"ocean_menu_typo_line_height_unit":"","ocean_menu_typo_spacing":0,"ocean_menu_typo_spacing_tablet":0,"ocean_menu_typo_spacing_mobile":0,"ocean_menu_typo_spacing_unit":"","ocean_menu_link_color":"","ocean_menu_link_color_hover":"","ocean_menu_link_color_active":"","ocean_menu_link_background":"","ocean_menu_link_hover_background":"","ocean_menu_link_active_background":"","ocean_menu_social_links_bg":"","ocean_menu_social_hover_links_bg":"","ocean_menu_social_links_color":"","ocean_menu_social_hover_links_color":"","ocean_disable_title":"default","ocean_disable_heading":"default","ocean_post_title":"","ocean_post_subheading":"","ocean_post_title_style":"","ocean_post_title_background_color":"","ocean_post_title_background":0,"ocean_post_title_bg_image_position":"","ocean_post_title_bg_image_attachment":"","ocean_post_title_bg_image_repeat":"","ocean_post_title_bg_image_size":"","ocean_post_title_height":0,"ocean_post_title_bg_overlay":0.5,"ocean_post_title_bg_overlay_color":"","ocean_disable_breadcrumbs":"default","ocean_breadcrumbs_color":"","ocean_breadcrumbs_separator_color":"","ocean_breadcrumbs_links_color":"","ocean_breadcrumbs_links_hover_color":"","ocean_display_footer_widgets":"default","ocean_display_footer_bottom":"default","ocean_custom_footer_template":"","footnotes":""},"class_list":["post-10","page","type-page","status-publish","hentry","entry"],"uagb_featured_image_src":{"full":false,"thumbnail":false,"medium":false,"medium_large":false,"large":false,"1536x1536":false,"2048x2048":false,"ocean-thumb-m":false,"ocean-thumb-ml":false,"ocean-thumb-l":false},"uagb_author_info":{"display_name":"admin6082","author_link":"http:\/\/orthodoxebrest.fr\/?author=1"},"uagb_comment_info":0,"uagb_excerpt":"Calendrier des C\u00e9l\u00e9brations Mois de mars: Mois de avril: Mois de mai:","_links":{"self":[{"href":"http:\/\/orthodoxebrest.fr\/index.php?rest_route=\/wp\/v2\/pages\/10","targetHints":{"allow":["GET"]}}],"collection":[{"href":"http:\/\/orthodoxebrest.fr\/index.php?rest_route=\/wp\/v2\/pages"}],"about":[{"href":"http:\/\/orthodoxebrest.fr\/index.php?rest_route=\/wp\/v2\/types\/page"}],"author":[{"embeddable":true,"href":"http:\/\/orthodoxebrest.fr\/index.php?rest_route=\/wp\/v2\/users\/1"}],"replies":[{"embeddable":true,"href":"http:\/\/orthodoxebrest.fr\/index.php?rest_route=%2Fwp%2Fv2%2Fcomments&post=10"}],"version-history":[{"count":76,"href":"http:\/\/orthodoxebrest.fr\/index.php?rest_route=\/wp\/v2\/pages\/10\/revisions"}],"predecessor-version":[{"id":402,"href":"http:\/\/orthodoxebrest.fr\/index.php?rest_route=\/wp\/v2\/pages\/10\/revisions\/402"}],"wp:attachment":[{"href":"http:\/\/orthodoxebrest.fr\/index.php?rest_route=%2Fwp%2Fv2%2Fmedia&parent=10"}],"curies":[{"name":"wp","href":"https:\/\/api.w.org\/{rel}","templated":true}]}}